{"id":3517,"date":"2024-12-25T10:36:19","date_gmt":"2024-12-25T02:36:19","guid":{"rendered":"http\/\/www.dentalxangtech.com\/?post_type=product&#038;p=3517"},"modified":"2024-12-25T10:36:19","modified_gmt":"2024-12-25T02:36:19","slug":"bilayer-pmma-disc","status":"publish","type":"product","link":"https:\/\/www.dentalxangtech.com\/pt\/product\/bilayer-pmma-disc\/","title":{"rendered":"Disco PMMA Bilayer"},"content":{"rendered":"<p><span style=\"font-family: arial, helvetica, sans-serif; font-size: 14pt;\">Os blocos de pmma dos bilaterais XANGTECH fornecem uma variedade de op\u00e7\u00f5es de espessura de acordo com diferentes usos, variando de 10mm a 25mm, e podem ser personalizados at\u00e9 30mm. A espessura de 95mm e 98mm fornecida \u00e9 a especifica\u00e7\u00e3o padr\u00e3o para a maioria dos equipamentos CAD\/CAM dent\u00e1rios.<\/span><\/p>\n<p><span style=\"font-family: arial, helvetica, sans-serif; font-size: 14pt;\">Os discos PMMA bilayer s\u00e3o amplamente usados em restaura\u00e7\u00f5es dent\u00e1rias devido ao seu design \u00fanico de duas camadas. Esta estrutura camada, tipicamente combinando um n\u00facleo de cor dent\u00e1ria e uma camada exterior transl\u00facida, permite que as restaura\u00e7\u00f5es imitem de perto a apar\u00eancia natural dos dentes. A transi\u00e7\u00e3o de cores suaves melhora os resultados est\u00e9ticos, tornando-os ideales para restaura\u00e7\u00f5es anteriores e posteriores.<\/span><\/p>\n<p><span style=\"font-family: arial, helvetica, sans-serif; font-size: 14pt;\">Uma das principais vantagens dos discos PMMA bilaterais \u00e9 sua excelente m\u00e1quinabilidade. Eles s\u00e3o compat\u00edveis com sistemas CAD\/CAM, permitindo molhimento preciso e eficiente de pr\u00f3teses dent\u00e1rias. O material \u00e9 ligeiro, duradouro e oferece resist\u00eancia superior ao uso, assegurando longevidade funcional e conforto para os pacientes. Sua biocompatibilidade e facilidade de polir garantem uma finalidade segura e natural, tornando-as uma escolha popular para restaura\u00e7\u00f5es dent\u00e1rias tempor\u00e1rias e de longo prazo.<\/span><\/p>","protected":false},"excerpt":{"rendered":"<p>XANGTECH bilayer pmma blocks provide a variety of thickness options according to different uses, ranging from 10mm to 25mm, and can be customized to 30mm. The thickness of 95mm and 98mm provided is the standard specification for most dental CAD\/CAM equipment. Bilayer PMMA discs are widely used in dental restorations due to their unique two-layer [&hellip;]<\/p>\n","protected":false},"featured_media":3518,"template":"","meta":{"_acf_changed":false},"product_brand":[],"product_cat":[49],"product_tag":[],"class_list":{"0":"post-3517","1":"product","2":"type-product","3":"status-publish","4":"has-post-thumbnail","6":"product_cat-pmma-block","8":"first","9":"instock","10":"shipping-taxable","11":"product-type-simple"},"acf":[],"_links":{"self":[{"href":"https:\/\/www.dentalxangtech.com\/pt\/wp-json\/wp\/v2\/product\/3517","targetHints":{"allow":["GET"]}}],"collection":[{"href":"https:\/\/www.dentalxangtech.com\/pt\/wp-json\/wp\/v2\/product"}],"about":[{"href":"https:\/\/www.dentalxangtech.com\/pt\/wp-json\/wp\/v2\/types\/product"}],"wp:featuredmedia":[{"embeddable":true,"href":"https:\/\/www.dentalxangtech.com\/pt\/wp-json\/wp\/v2\/media\/3518"}],"wp:attachment":[{"href":"https:\/\/www.dentalxangtech.com\/pt\/wp-json\/wp\/v2\/media?parent=3517"}],"wp:term":[{"taxonomy":"product_brand","embeddable":true,"href":"https:\/\/www.dentalxangtech.com\/pt\/wp-json\/wp\/v2\/product_brand?post=3517"},{"taxonomy":"product_cat","embeddable":true,"href":"https:\/\/www.dentalxangtech.com\/pt\/wp-json\/wp\/v2\/product_cat?post=3517"},{"taxonomy":"product_tag","embeddable":true,"href":"https:\/\/www.dentalxangtech.com\/pt\/wp-json\/wp\/v2\/product_tag?post=3517"}],"curies":[{"name":"wp","href":"https:\/\/api.w.org\/{rel}","templated":true}]}}