{"id":3536,"date":"2024-12-26T15:41:42","date_gmt":"2024-12-26T07:41:42","guid":{"rendered":"http\/\/www.dentalxangtech.com\/?post_type=product&#038;p=3536"},"modified":"2024-12-26T15:41:42","modified_gmt":"2024-12-26T07:41:42","slug":"3st-pink-pmma-disc","status":"publish","type":"product","link":"https:\/\/www.dentalxangtech.com\/pt\/product\/3st-pink-pmma-disc\/","title":{"rendered":"Disco 3ST Rosa PMMA"},"content":{"rendered":"<p><span style=\"font-family: arial, helvetica, sans-serif; font-size: 14pt;\">XANGTECH 3rd Pink PMMA Disc with Veins \u00e9 um material especializado de polimetilmetacrilato rosa (PMMA) projetado para restaura\u00e7\u00f5es dent\u00e1rias. Sua caracter\u00edstica \u00fanica reside nos padr\u00f5es realistas semelhantes \u00e0 veia, que imitam de perto a apar\u00eancia natural do tecido gingival. Ele fornece um efeito est\u00e9tico mais realista na restaura\u00e7\u00e3o e \u00e9 adequado para a produ\u00e7\u00e3o de coroas tempor\u00e1rias, pontes e bases dent\u00e1rias.<\/span><\/p>\n<p><span style=\"font-family: arial, helvetica, sans-serif; font-size: 14pt;\">Pode ser cortado exatamente pelo sistema CAD\/CAM, o padr\u00e3o venoso permanece claro, e apresenta uma textura natural ap\u00f3s polir. Al\u00e9m disso, tem boa biocompatibilidade, \u00e9 segura e n\u00e3o t\u00f3xica, e pode ser usada na boca por muito tempo.<\/span><\/p>\n<p><span style=\"font-family: arial, helvetica, sans-serif; font-size: 14pt;\">O 3\u00ba disco rosa PMMA com veios \u00e9 amplamente utilizado em restaura\u00e7\u00f5es dent\u00e1rias de alto n\u00edvel e produ\u00e7\u00e3o dent\u00e1ria, especialmente em cen\u00e1rios que requerem alta simula\u00e7\u00e3o. Sua delicada textura vascular n\u00e3o s\u00f3 aumenta a beleza, mas tamb\u00e9m encontra pacientes necessidades de apar\u00eancia personalizada e natural, tornando-a um material preferido para restaura\u00e7\u00f5es dent\u00e1rias modernas.<\/span><\/p>","protected":false},"excerpt":{"rendered":"<p>XANGTECH 3st Pink PMMA Disc with Veins is a specialized pink polymethyl methacrylate (PMMA) material designed for dental restorations. Its unique feature lies in the realistic vein-like patterns, which closely mimic the natural appearance of gingival tissue. It provides a more realistic aesthetic effect in the restoration and is suitable for the production of temporary [&hellip;]<\/p>\n","protected":false},"featured_media":3537,"template":"","meta":{"_acf_changed":false},"product_brand":[],"product_cat":[49],"product_tag":[],"class_list":{"0":"post-3536","1":"product","2":"type-product","3":"status-publish","4":"has-post-thumbnail","6":"product_cat-pmma-block","8":"first","9":"instock","10":"shipping-taxable","11":"product-type-simple"},"acf":[],"_links":{"self":[{"href":"https:\/\/www.dentalxangtech.com\/pt\/wp-json\/wp\/v2\/product\/3536","targetHints":{"allow":["GET"]}}],"collection":[{"href":"https:\/\/www.dentalxangtech.com\/pt\/wp-json\/wp\/v2\/product"}],"about":[{"href":"https:\/\/www.dentalxangtech.com\/pt\/wp-json\/wp\/v2\/types\/product"}],"wp:featuredmedia":[{"embeddable":true,"href":"https:\/\/www.dentalxangtech.com\/pt\/wp-json\/wp\/v2\/media\/3537"}],"wp:attachment":[{"href":"https:\/\/www.dentalxangtech.com\/pt\/wp-json\/wp\/v2\/media?parent=3536"}],"wp:term":[{"taxonomy":"product_brand","embeddable":true,"href":"https:\/\/www.dentalxangtech.com\/pt\/wp-json\/wp\/v2\/product_brand?post=3536"},{"taxonomy":"product_cat","embeddable":true,"href":"https:\/\/www.dentalxangtech.com\/pt\/wp-json\/wp\/v2\/product_cat?post=3536"},{"taxonomy":"product_tag","embeddable":true,"href":"https:\/\/www.dentalxangtech.com\/pt\/wp-json\/wp\/v2\/product_tag?post=3536"}],"curies":[{"name":"wp","href":"https:\/\/api.w.org\/{rel}","templated":true}]}}