{"id":3543,"date":"2024-12-26T16:39:47","date_gmt":"2024-12-26T08:39:47","guid":{"rendered":"http\/\/www.dentalxangtech.com\/?post_type=product&#038;p=3543"},"modified":"2024-12-26T16:39:47","modified_gmt":"2024-12-26T08:39:47","slug":"super-hard-pmma-block","status":"publish","type":"product","link":"https:\/\/www.dentalxangtech.com\/pt\/product\/super-hard-pmma-block\/","title":{"rendered":"Super Hard PMMA Block"},"content":{"rendered":"<p>XANGTECH Super Hard PMMA Block representa o pico da inova\u00e7\u00e3o em materiais restaurativos dent\u00e1rios, oferecendo for\u00e7a, confiabilidade e versatilidade n\u00e3o equivalentes. Especificamente projetado para exigir procedimentos dent\u00e1rios, \u00e9 projetado para resistir aos rigores do uso di\u00e1rio, mantendo sua integridade e qualidade est\u00e9tica. Com sua resist\u00eancia excepcional ao chipping, cracking e wear, este bloco PMMA assegura durabilidade a longo prazo, tornando-o uma escolha ideal para criar restaura\u00e7\u00f5es que os pacientes podem confiar nos pr\u00f3ximos anos. Uma das caracter\u00edsticas destacadas do XANGTECH Super Hard PMMA Block \u00e9 sua habilidade de racionalizar fluxos de trabalho em laborat\u00f3rios dent\u00e1rios e cl\u00ednicas. Ao reduzir significativamente o tempo de m\u00e1quina, permite aos profissionais dentais completar suas tarefas mais eficientemente, mantendo os mais altos padr\u00f5es de precis\u00e3o. Essa efici\u00eancia n\u00e3o vem \u00e0 custa da qualidade \u2013 sua composi\u00e7\u00e3o avan\u00e7ada assegura que cada corte, contorno e termina\u00e7\u00e3o \u00e9 executada com uma precis\u00e3o not \u00e1vel. Isso torna um ativo valioso para t\u00e9cnicos dent\u00e1rios buscando aumentar a produtividade sem comprometer a qualidade de seu trabalho.<\/p>\n<p>A versatilidade do XANGTECH Super Hard PMMA Block o separa de outros materiais. \u00c9 adequado para uma ampla gama de projetos de restaura\u00e7\u00e3o, desde coroas e pontes de uma unidade a pr\u00f3teses dent\u00e1rias mais complexas. Sua adaptabilidade permite atender \u00e0s necessidades espec\u00edficas de cada paciente, assegurando que as restaura\u00e7\u00f5es se encaixem sem problemas e se realizam sem problemas. Se usado em casos simples ou em projetos complexos, este bloco PMMA d\u00e1 resultados consistentes que satisfazem e excedem as expectativas. Al\u00e9m de suas vantagens funcionais, o Bloque XANGTECH Super Hard PMMA \u00e9 projetado para ajudar os profissionais dent\u00e1rios a alcan\u00e7ar excel\u00eancia est\u00e9tica. Seu material de alto desempenho proporciona uma base confi\u00e1vel para restaura\u00e7\u00f5es que n\u00e3o s\u00e3o apenas duradouras mas tamb\u00e9m visualmente atraentes. Os pacientes beneficiam de restaura\u00e7\u00f5es que se misturam sem problemas com seus dentes naturais, oferecendo um equil\u00edbrio harmonioso de for\u00e7a e beleza. Escolhar o bloco XANGTECH Super Hard PMMA significa investir em um material que eleva o padr\u00e3o de cuidado dental. Isso empodera t\u00e9cnicos dent\u00e1rios e cl\u00ednicos a trabalharem com confian\u00e7a, sabendo que eles t\u00eam um produto que sustenta tanto efici\u00eancia quanto excel\u00eancia. Com sua durabilidade, confiabilidade e adaptabilidade, o Bloco XANGTECH Super Hard PMMA \u00e9 a solu\u00e7\u00e3o ultima para criar restaura\u00e7\u00f5es de alta qualidade e longa dura\u00e7\u00e3o que aumentam a satisfa\u00e7\u00e3o do paciente e estabelecem um novo par\u00e2metro de refer\u00eancia na ind\u00fastria dental.<\/p>\n<p>No mundo das restaura\u00e7\u00f5es dent\u00e1rias, o material escolhido pode fazer toda a diferen\u00e7a em alcan\u00e7ar excel\u00eancia funcional e est\u00e9tica. Entre a ampla variedade de materiais dispon\u00edveis, o XANGTECH Super Hard PMMA Block destaca-se como uma escolha excelente para profissionais dent\u00e1rios buscando durabilidade, efici\u00eancia e versatilidade em seu trabalho.<br \/>\nO que separa esse bloco PMMA \u00e9 sua habilidade de oferecer resist\u00eancia excepcional ao chipping, cracking e uso, tornando-o uma escolha ideal para restaura\u00e7\u00f5es dent\u00e1rias de longa dura\u00e7\u00e3o. Os pacientes podem confiar na for\u00e7a e estabilidade dessas restaura\u00e7\u00f5es, mesmo sob estresse significativo, assegurando que mant\u00eam sua integridade ao longo do tempo. Essa durabilidade \u00e9 particularmente valiosa em um campo em que a longevidade e o desempenho de uma restaura\u00e7\u00e3o s\u00e3o chave para a satisfa\u00e7\u00e3o dos pacientes. Al\u00e9m de sua impressionante durabilidade, o Bloco XANGTECH Super Hard PMMA aumenta significativamente a efici\u00eancia do fluxo de trabalho. Designado para reduzir o tempo de m\u00e1quina sem comprometer a precis\u00e3o, permite aos t\u00e9cnicos dent\u00e1rios completar restaura\u00e7\u00f5es mais r\u00e1pido, o que, por sua vez, reduz os tempos de giro para os pacientes. Essa caracter\u00edstica de poupan\u00e7a de tempo \u00e9 especialmente crucial em laborat\u00f3rios dent\u00e1rios ocupados e cl\u00ednicas, onde produ\u00e7\u00e3o mais r\u00e1pida \u00e9 essencial para satisfazer as demandas dos pacientes, mantendo altos padr\u00f5es de qualidade.<\/p>","protected":false},"excerpt":{"rendered":"<p>XANGTECH Super Hard PMMA Block represents the pinnacle of innovation in dental restorative materials, offering unmatched strength, reliability, and versatility. Specifically designed for demanding dental procedures, it is engineered to withstand the rigors of daily use while maintaining its integrity and aesthetic quality. With its exceptional resistance to chipping, cracking, and wear, this PMMA block [&hellip;]<\/p>\n","protected":false},"featured_media":3545,"template":"","meta":{"_acf_changed":false},"product_brand":[],"product_cat":[49],"product_tag":[],"class_list":{"0":"post-3543","1":"product","2":"type-product","3":"status-publish","4":"has-post-thumbnail","6":"product_cat-pmma-block","8":"first","9":"instock","10":"shipping-taxable","11":"product-type-simple"},"acf":[],"_links":{"self":[{"href":"https:\/\/www.dentalxangtech.com\/pt\/wp-json\/wp\/v2\/product\/3543","targetHints":{"allow":["GET"]}}],"collection":[{"href":"https:\/\/www.dentalxangtech.com\/pt\/wp-json\/wp\/v2\/product"}],"about":[{"href":"https:\/\/www.dentalxangtech.com\/pt\/wp-json\/wp\/v2\/types\/product"}],"wp:featuredmedia":[{"embeddable":true,"href":"https:\/\/www.dentalxangtech.com\/pt\/wp-json\/wp\/v2\/media\/3545"}],"wp:attachment":[{"href":"https:\/\/www.dentalxangtech.com\/pt\/wp-json\/wp\/v2\/media?parent=3543"}],"wp:term":[{"taxonomy":"product_brand","embeddable":true,"href":"https:\/\/www.dentalxangtech.com\/pt\/wp-json\/wp\/v2\/product_brand?post=3543"},{"taxonomy":"product_cat","embeddable":true,"href":"https:\/\/www.dentalxangtech.com\/pt\/wp-json\/wp\/v2\/product_cat?post=3543"},{"taxonomy":"product_tag","embeddable":true,"href":"https:\/\/www.dentalxangtech.com\/pt\/wp-json\/wp\/v2\/product_tag?post=3543"}],"curies":[{"name":"wp","href":"https:\/\/api.w.org\/{rel}","templated":true}]}}