{"id":3957,"date":"2025-07-04T11:28:24","date_gmt":"2025-07-04T03:28:24","guid":{"rendered":"http\/\/www.dentalxangtech.com\/?post_type=product&#038;p=3957"},"modified":"2025-07-04T11:28:25","modified_gmt":"2025-07-04T03:28:25","slug":"4d-pro-aesthetics-multilayer-zirconia-block","status":"publish","type":"product","link":"https:\/\/www.dentalxangtech.com\/pt\/product\/4d-pro-aesthetics-multilayer-zirconia-block\/","title":{"rendered":"4D Pro Aesthetics Multilayer Zirconia Block"},"content":{"rendered":"<p>XANGTECH 4D Pro est\u00e9tic multi-layer zirconia block \u00e9 um material inovador desenvolvido especificamente para necessidades de restaura\u00e7\u00e3o est\u00e9tica de alto n\u00edvel. Integra realiza\u00e7\u00f5es avan\u00e7adas de pesquisa cient\u00edfica e processos de engenharia de precis\u00e3o, atravessando compreensivamente as limita\u00e7\u00f5es est\u00e9ticas e de desempenho dos materiais tradicionais de zirc\u00f4nia. Ela adota um design \u00fanico de montagem de 5 camadas, que reproduz exatamente as caracter\u00edsticas \u00f3pticas dos dentes naturais do extremo de corte ao pesco\u00e7o atrav\u00e9s de um gradiente de transmiss\u00e3o de luz de 49% a 59% do pesco\u00e7o, alcan\u00e7ando um efeito de gradiente mais natural e tridimensional. Isso permite a restaura\u00e7\u00e3o apresentar um vivo sentido de hierarquia e lustro transparente semelhante aos dentes reais em diferentes condi\u00e7\u00f5es de ilumina\u00e7\u00e3o e ambientes orais. Ao mesmo tempo, sua inovadora estrutura gradiente de 9 camadas otimiza ainda mais a riqueza e profundidade das cores internas, trazendo uma alta transpar\u00eancia e sensa\u00e7\u00e3o de luz suave semelhante ao glaze de porcelana, permitindo a restaura\u00e7\u00e3o alcan\u00e7ar um n\u00edvel mais elevado de est\u00e9tica, fus\u00e3o e escondimento, perfeitamente adequado ao paciente&#8217; a cor dos dentes individuais, dando \u00e0 restaura\u00e7\u00e3o um efeito altamente biom\u00e9trico, quase indistingu\u00edvel do limite entre dentes naturais. Contrariamente aos materiais tradicionais que requerem tintura m\u00faltipla ou colora\u00e7\u00e3o da superf\u00edcie, ela pode apresentar diretamente express\u00e3o est\u00e1vel e natural de cores sem tintura adicional. Isso n\u00e3o s\u00f3 reduz muito o risco de diferen\u00e7a de cores e incerteza causada pelo processo de tintura, mas tamb\u00e9m melhora efetivamente a simplicidade e efici\u00eancia cl\u00ednica da opera\u00e7\u00e3o t\u00e9cnica, ajudando os m\u00e9dicos a alcan\u00e7ar o efeito est\u00e9tico esperado com mais facilidade e precis\u00e3o, assegurando a estabilidade de cores a longo prazo e a durabilidade da restaura\u00e7\u00e3o.<br \/>\nVale a pena mencionar que ao enfatizar o desempenho est\u00e9tico, este material ainda mant\u00e9m excelente for\u00e7a mec\u00e2nica, que pode facilmente lidar com necessidades funcionais orales complexas e cargas de mordida a longo prazo. Que sejam veneras de dentes front a is, restaura\u00e7\u00f5es de coroa completa, ou restaura\u00e7\u00f5es de dentes posteriores parciais que requerem maior for\u00e7a e durabilidade, pode proporcionar aos pacientes uma experi\u00eancia segura, confi\u00e1vel e confort\u00e1vel do usu\u00e1rio. Com seu excelente desempenho \u00f3ptico, vantagem de processo n\u00e3o colorante, desempenho mec\u00e2nico excelente, e persegui\u00e7\u00e3o final de detalhes, n\u00e3o \u00e9 apenas um material, mas tamb\u00e9m representa um respeito e reprodu\u00e7\u00e3o da est\u00e9tica natural, uma prote\u00e7\u00e3o e compromisso com os pacientes&#8217; sorrisos confiantes. Ajuda os m\u00e9dicos a alcan\u00e7ar planos de restaura\u00e7\u00e3o complexos de forma mais eficiente e precisa, reduzindo a press\u00e3o operacional, ao mesmo tempo dando aos pacientes uma beleza dental natural e garantia funcional de longa dura\u00e7\u00e3o, tornando cada restaura\u00e7\u00e3o testemunha da perfeita combina\u00e7\u00e3o de beleza natural e poder cient\u00edfico.<\/p>\n<div style=\"width: 800px;\" class=\"wp-video\"><video class=\"wp-video-shortcode\" id=\"video-3957-1\" width=\"800\" height=\"450\" preload=\"metadata\" controls=\"controls\"><source type=\"video\/mp4\" src=\"http:\/\/http\/\/www.dentalxangtech.com\/wp-content\/uploads\/2025\/07\/4D-Pro\u7f8e\u5b66\u9506\u5feb2025V1.mp4?_=1\" \/><a href=\"http:\/\/http\/\/www.dentalxangtech.com\/wp-content\/uploads\/2025\/07\/4D-Pro\u7f8e\u5b66\u9506\u5feb2025V1.mp4\">http:\/\/http\/\/www.dentalxangtech.com\/wp-content\/uploads\/2025\/07\/4D-Pro\u7f8e\u5b66\u9506\u5feb2025V1.mp4<\/a><\/video><\/div>","protected":false},"excerpt":{"rendered":"<p>XANGTECH 4D Pro aesthetic multilayer zirconia block is an innovative material developed specifically for high-end aesthetic restoration needs. It integrates advanced scientific research achievements and precision engineering processes, comprehensively breaking through the aesthetic and performance limitations of traditional zirconia materials. It adopts a unique 5-layer stacking design, which accurately reproduces the optical characteristics of natural [&hellip;]<\/p>\n","protected":false},"featured_media":3962,"template":"","meta":{"_acf_changed":false},"product_brand":[],"product_cat":[51],"product_tag":[],"class_list":{"0":"post-3957","1":"product","2":"type-product","3":"status-publish","4":"has-post-thumbnail","6":"product_cat-multilayer-zirconia-blcok","8":"first","9":"instock","10":"shipping-taxable","11":"product-type-simple"},"acf":[],"_links":{"self":[{"href":"https:\/\/www.dentalxangtech.com\/pt\/wp-json\/wp\/v2\/product\/3957","targetHints":{"allow":["GET"]}}],"collection":[{"href":"https:\/\/www.dentalxangtech.com\/pt\/wp-json\/wp\/v2\/product"}],"about":[{"href":"https:\/\/www.dentalxangtech.com\/pt\/wp-json\/wp\/v2\/types\/product"}],"wp:featuredmedia":[{"embeddable":true,"href":"https:\/\/www.dentalxangtech.com\/pt\/wp-json\/wp\/v2\/media\/3962"}],"wp:attachment":[{"href":"https:\/\/www.dentalxangtech.com\/pt\/wp-json\/wp\/v2\/media?parent=3957"}],"wp:term":[{"taxonomy":"product_brand","embeddable":true,"href":"https:\/\/www.dentalxangtech.com\/pt\/wp-json\/wp\/v2\/product_brand?post=3957"},{"taxonomy":"product_cat","embeddable":true,"href":"https:\/\/www.dentalxangtech.com\/pt\/wp-json\/wp\/v2\/product_cat?post=3957"},{"taxonomy":"product_tag","embeddable":true,"href":"https:\/\/www.dentalxangtech.com\/pt\/wp-json\/wp\/v2\/product_tag?post=3957"}],"curies":[{"name":"wp","href":"https:\/\/api.w.org\/{rel}","templated":true}]}}