{"id":3981,"date":"2025-07-10T17:41:01","date_gmt":"2025-07-10T09:41:01","guid":{"rendered":"http\/\/www.dentalxangtech.com\/?post_type=product&#038;p=3981"},"modified":"2025-07-10T17:41:01","modified_gmt":"2025-07-10T09:41:01","slug":"super-high-translucent-3d-multilayer-zirconia-block","status":"publish","type":"product","link":"https:\/\/www.dentalxangtech.com\/pt\/product\/super-high-translucent-3d-multilayer-zirconia-block\/","title":{"rendered":"Bloco de Circ\u00f3nia Multicamada Super Alto Transl\u00facido 3D"},"content":{"rendered":"<p>XANGTECH SHT 3D multi-layer zirconia block \u00e9 um material dental inovador para restaura\u00e7\u00e3o est\u00e9tica de alto n\u00edvel, projetado para necessidades cl\u00ednicas que perseguem a melhor beleza natural e excelente desempenho. Ela adota tecnologia avan\u00e7ada de gradiente pr\u00e9-tintura de sete camadas e processo de superposi\u00e7\u00e3o de quatro camadas para controlar com precis\u00e3o a distribui\u00e7\u00e3o e transmiss\u00e3o de cores, apresentando uma transi\u00e7\u00e3o natural de cores de 47% no final incisal para 44% no pesco\u00e7o, restaurando a cor fisiol\u00f3gica e camadas ricas de dentes naturais na maior medida, e alcan\u00e7ando um efeito est\u00e9tico altamente transparente e realista. O produto n\u00e3o requer tintura adicional e pode ser reparado em um passo, o que simplifica significativamente o t\u00e9cnico&#8217; o processo de opera\u00e7\u00e3o e melhora a efici\u00eancia do trabalho. Ao mesmo tempo, reduz o risco de diferen\u00e7a de cores causada pela tintura artificial, tornando o processo de repara\u00e7\u00e3o mais eficiente e seguro.<\/p>\n<p>Em termos de propriedades mec\u00e2nicas, mostra uma for \u00e7a de dobramento de at\u00e9 800MPa e excelente rigidez, atendendo aos requisitos estritos de v\u00e1rias restaura\u00e7\u00f5es complexas para for\u00e7a e suporte, e tendo em conta a durabilidade e a seguran\u00e7a. Sua excelente resist\u00eancia ao crack e estabilidade a longo prazo a tornam amplamente aplic\u00e1vel a uma variedade de solu\u00e7\u00f5es cl\u00ednicas de restaura\u00e7\u00e3o como coroas \u00fanicas, veneras, entradas, coroas completas e pontes multidentais, garantindo plenamente a experi\u00eancia de uso a longo prazo da restaura\u00e7\u00e3o. O material o design de dureza otimizado reduz efetivamente o uso e o estresse oclusal dos dentes contralaterais, protege a estrutura natural dos dentes e melhora ainda mais o conforto e funcionalidade do uso.<\/p>\n<p>Al\u00e9m disso, tem excelente biocompatibilidade, pode se adaptar bem ao ambiente oral, reduzir a estimula\u00e7\u00e3o e resposta inflamat\u00f3ria aos tecidos moles, proteger compreensivamente o paciente&#8217; a sa\u00fade oral, e melhorar a experi\u00eancia e satisfa\u00e7\u00e3o de restaura\u00e7\u00e3o gerais. Sua superf\u00edcie \u00e9 densa e suave, com excelente resist\u00eancia \u00e0 polui\u00e7\u00e3o e corros\u00e3o qu\u00edmica, prevenindo efetivamente a deposi\u00e7\u00e3o de pigmentos e estimula\u00e7\u00e3o externa, mantendo cor natural e brilho por um longo tempo, e reduzindo a dificuldade da limpeza e manuten\u00e7\u00e3o di\u00e1rias. Excelente adaptabilidade de bordo e fechamento preciso de bordo asseguram que a restaura\u00e7\u00e3o se encaixe fortemente com o dente, reduzindo o risco de caries secund\u00e1rias e fuga de bordo, e melhorando compreensivamente a qualidade de restaura\u00e7\u00e3o e a seguran\u00e7a oral.<\/p>\n<div style=\"width: 800px;\" class=\"wp-video\"><video class=\"wp-video-shortcode\" id=\"video-3981-1\" width=\"800\" height=\"450\" preload=\"metadata\" controls=\"controls\"><source type=\"video\/mp4\" src=\"http:\/\/http\/\/www.dentalxangtech.com\/wp-content\/uploads\/2025\/07\/SHT-3D-ML.mp4?_=1\" \/><a href=\"http:\/\/http\/\/www.dentalxangtech.com\/wp-content\/uploads\/2025\/07\/SHT-3D-ML.mp4\">http:\/\/http\/\/www.dentalxangtech.com\/wp-content\/uploads\/2025\/07\/SHT-3D-ML.mp4<\/a><\/video><\/div>","protected":false},"excerpt":{"rendered":"<p>XANGTECH SHT 3D multilayer zirconia block is an innovative dental material for high-end aesthetic restoration, designed for clinical needs that pursue the ultimate natural beauty and excellent performance. It adopts advanced seven-layer pre-dyeing gradient technology and four-layer superposition process to accurately control color distribution and transmittance, presenting a natural color transition from 47% at the [&hellip;]<\/p>\n","protected":false},"featured_media":3983,"template":"","meta":{"_acf_changed":false},"product_brand":[],"product_cat":[43],"product_tag":[],"class_list":{"0":"post-3981","1":"product","2":"type-product","3":"status-publish","4":"has-post-thumbnail","6":"product_cat-zirconia-block","8":"first","9":"instock","10":"shipping-taxable","11":"product-type-simple"},"acf":[],"_links":{"self":[{"href":"https:\/\/www.dentalxangtech.com\/pt\/wp-json\/wp\/v2\/product\/3981","targetHints":{"allow":["GET"]}}],"collection":[{"href":"https:\/\/www.dentalxangtech.com\/pt\/wp-json\/wp\/v2\/product"}],"about":[{"href":"https:\/\/www.dentalxangtech.com\/pt\/wp-json\/wp\/v2\/types\/product"}],"wp:featuredmedia":[{"embeddable":true,"href":"https:\/\/www.dentalxangtech.com\/pt\/wp-json\/wp\/v2\/media\/3983"}],"wp:attachment":[{"href":"https:\/\/www.dentalxangtech.com\/pt\/wp-json\/wp\/v2\/media?parent=3981"}],"wp:term":[{"taxonomy":"product_brand","embeddable":true,"href":"https:\/\/www.dentalxangtech.com\/pt\/wp-json\/wp\/v2\/product_brand?post=3981"},{"taxonomy":"product_cat","embeddable":true,"href":"https:\/\/www.dentalxangtech.com\/pt\/wp-json\/wp\/v2\/product_cat?post=3981"},{"taxonomy":"product_tag","embeddable":true,"href":"https:\/\/www.dentalxangtech.com\/pt\/wp-json\/wp\/v2\/product_tag?post=3981"}],"curies":[{"name":"wp","href":"https:\/\/api.w.org\/{rel}","templated":true}]}}