{"id":4008,"date":"2025-07-17T17:40:06","date_gmt":"2025-07-17T09:40:06","guid":{"rendered":"https:\/\/www.dentalxangtech.com\/?post_type=product&#038;p=4008"},"modified":"2025-09-11T11:25:05","modified_gmt":"2025-09-11T03:25:05","slug":"rx-8h-metal-milling-machine","status":"publish","type":"product","link":"https:\/\/www.dentalxangtech.com\/pt\/product\/rx-8h-metal-milling-machine\/","title":{"rendered":"RX-8H Metal Milling Machine"},"content":{"rendered":"<p><span style=\"font-size: 14pt;\">XANGTECH RX-8H m\u00e1quina de molhimento de metal \u00e9 uma solu\u00e7\u00e3o dental inteligente especificamente projetada para m\u00e1quina dental de precis\u00e3o. N\u00e3o s\u00f3 tem um design vertical, confort\u00e1vel e integrado, mas para garantir precis\u00e3o e estabilidade a longo prazo do ch\u00e3o para cima, nossa m\u00e1quina de molhimento RX-8H utiliza componentes internacionais de alto n\u00edvel em sua estrutura mec\u00e2nica e componentes de controle b\u00e1sicos. Dentro da m\u00e1quina de molhamento, n\u00f3s equiparam-no com um sistema de controle inteligente personalizado e de alta computa\u00e7\u00e3o. Combinado com seu processamento de dados de alta velocidade propriet\u00e1rio, controle de precis\u00e3o de n\u00edvel micron e capacidades adaptativas de tomada de decis\u00f5es, ele pode satisfazer requisitos de m\u00e1quina personalizados baseados nas caracter\u00edsticas de materiais dentais como tit\u00e2nio. Al\u00e9m disso, ele gera automaticamente par\u00e2metros de m\u00e1quina \u00f3timos e incorpora um sistema de prote\u00e7\u00e3o inteligente de v\u00e1rias camadas (incluindo prote\u00e7\u00e3o de sobrecarga, monitoramento da temperatura em tempo real e advert\u00eancias de m\u00e1quina anormais) para salvaguardar compreensivamente o funcionamento da m\u00e1quina e a seguran\u00e7a da m\u00e1quina.<\/span><\/p>\n<p><span style=\"font-size: 14pt;\">Ao reduzir a complexidade operacional e aumentar o n\u00edvel de automatiza\u00e7\u00e3o do processo de m\u00e1quina, a m\u00e1quina de molhamento dental RX-8H pode alcan\u00e7ar uma opera\u00e7\u00e3o completamente sem tripula\u00e7\u00e3o. XANGTECH RX-8H m\u00e1quina de molhamento dental n\u00e3o s\u00f3 est\u00e1 equipada com uma revista inteligente de 21 ferramentas de grande capacidade, mas tamb\u00e9m permite que um bot\u00e3o \u00fanico inicie todo o processo de m\u00e1quina. A m\u00e1quina de molhamento de metal RX-8H at\u00e9 realiza automaticamente mudan\u00e7as de ferramentas, detec\u00e7\u00e3o precisa do comprimento da ferramenta e corre\u00e7\u00e3o din\u00e2mica da postura das ferramentas, minimizando o tempo de trabalho auxiliar e melhorando a efici\u00eancia do processamento de lotes. Nossa m\u00e1quina de molhimento de metal s spindle de precis\u00e3o ultra-alta velocidade, com uma velocidade m\u00e1xima de 60.000 rpm, combina poderosa pot\u00eancia de corte com estabilidade operacional de n\u00edvel micron. Isso o permite cortar facilmente e eficientemente materiais dentais de alta dura\u00e7\u00e3o como discos de tit\u00e2nio, mantendo a superf\u00edcie final e a precis\u00e3o dimensional de produtos como coronas e abutimentos. Para atender \u00e0s diversas necessidades dos cen\u00e1rios de processamento dental, a m\u00e1quina de molhamento dental de metal RX-8H tem adaptabilidade altamente flex\u00edvel: pode personalizar e combinar estrat\u00e9gias de processamento exclusivo de acordo com as caracter\u00edsticas de diferentes materiais dentais, como tit\u00e2nio puro, liga de tit\u00e2nio, ingote de diamante, resina <span style=\"color: #00ccff;\"><a style=\"color: #00ccff;\" href=\"https:\/\/www.dentalxangtech.com\/pt\/categoria-produto\/dental-material\/dental-wax-block\/\">blocos de cera<\/a><\/span>, <span style=\"color: #00ccff;\"><a style=\"color: #00ccff;\" href=\"https:\/\/www.dentalxangtech.com\/pt\/categoria-produto\/dental-material\/lithium-disilicate\/\">cer\u00e2mica de vidro<\/a><\/span>abusos pr\u00e9-fabricados e abusos personalizados. A m\u00e1quina de molhimento de metal RX-8H detnal XANGTECH tamb\u00e9m pode cobrir completamente as necessidades de produ\u00e7\u00e3o personalizadas de diferentes usu\u00e1rios, como cl\u00ednicas dent\u00e1rias e f\u00e1bricas de processamento dental de acordo com diferentes tipos de coroa, como coroas, pontes e abusos de implantes, fornecendo suporte de equipamento dental b\u00e1sico que combina precis\u00e3o, efici\u00eancia e flexibilidade para fabrica\u00e7\u00e3o dental de alto n\u00edvel.<\/span><\/p>\n<p><strong><span style=\"font-size: 18pt;\">1. Equipamento de corte de metal eficiente e est\u00e1vel.<\/span><\/strong><\/p>\n<p><strong><span style=\"font-size: 18pt;\">revista de ferramentas de 2.21 polegadas com mudador autom\u00e1tico de ferramentas.<\/span><\/strong><\/p>\n<p><strong><span style=\"font-size: 18pt;\">3. \u00e2ngulos do eixo B at\u00e9 35\u00b0 e -91\u00b0.<\/span><\/strong><\/p>\n<p><strong><span style=\"font-size: 18pt;\">4. Vida autom\u00e1tica de ferramentas e detec\u00e7\u00e3o de uso.<\/span><\/strong><\/p>\n<p><strong><span style=\"font-size: 18pt;\">5. Calibra\u00e7\u00e3o autom\u00e1tica de um toque.<\/span><\/strong><\/p>\n<p><strong><span style=\"font-size: 18pt;\">6. Solu\u00e7\u00f5es de processamento de ponte, barras de implante e ponte de implante.<\/span><\/strong><\/p>\n<p>&nbsp;<\/p>\n<p><img fetchpriority=\"high\" decoding=\"async\" class=\"alignnone wp-image-4248\" src=\"https:\/\/www.dentalxangtech.com\/wp-content\/uploads\/2025\/07\/RX-8H-300x264.png\" alt=\"RX-8H Metal Milling Machine \" width=\"550\" height=\"485\" srcset=\"https:\/\/www.dentalxangtech.com\/wp-content\/uploads\/2025\/07\/RX-8H-300x264.png 300w, https:\/\/www.dentalxangtech.com\/wp-content\/uploads\/2025\/07\/RX-8H-14x12.png 14w, https:\/\/www.dentalxangtech.com\/wp-content\/uploads\/2025\/07\/RX-8H-600x529.png 600w, https:\/\/www.dentalxangtech.com\/wp-content\/uploads\/2025\/07\/RX-8H.png 692w\" sizes=\"(max-width: 550px) 100vw, 550px\" \/>\u00a0 \u00a0 \u00a0 \u00a0 \u00a0 \u00a0 \u00a0 \u00a0 \u00a0 \u00a0 \u00a0 \u00a0 <img decoding=\"async\" class=\"alignnone wp-image-4249\" src=\"https:\/\/www.dentalxangtech.com\/wp-content\/uploads\/2025\/07\/RX-8H-1-300x266.png\" alt=\"RX-8H Metal Milling Machine \" width=\"550\" height=\"488\" srcset=\"https:\/\/www.dentalxangtech.com\/wp-content\/uploads\/2025\/07\/RX-8H-1-300x266.png 300w, https:\/\/www.dentalxangtech.com\/wp-content\/uploads\/2025\/07\/RX-8H-1-14x12.png 14w, https:\/\/www.dentalxangtech.com\/wp-content\/uploads\/2025\/07\/RX-8H-1.png 531w\" sizes=\"(max-width: 550px) 100vw, 550px\" \/><\/p>\n<p>&nbsp;<\/p>","protected":false},"excerpt":{"rendered":"<p>XANGTECH RX-8H metal milling machine is an intelligent dental solution specifically designed for precision dental machining. Not only does it feature a vertical, comfortable, integrated design, but to guarantee precision and long-term stability from the ground up, our RX-8H milling machine utilizes top-tier international components in its core mechanical structure and control components. Within the [&hellip;]<\/p>\n","protected":false},"featured_media":4009,"template":"","meta":{"_acf_changed":false},"product_brand":[],"product_cat":[40],"product_tag":[],"class_list":{"0":"post-4008","1":"product","2":"type-product","3":"status-publish","4":"has-post-thumbnail","6":"product_cat-digital-equipments","8":"first","9":"instock","10":"shipping-taxable","11":"product-type-simple"},"acf":[],"_links":{"self":[{"href":"https:\/\/www.dentalxangtech.com\/pt\/wp-json\/wp\/v2\/product\/4008","targetHints":{"allow":["GET"]}}],"collection":[{"href":"https:\/\/www.dentalxangtech.com\/pt\/wp-json\/wp\/v2\/product"}],"about":[{"href":"https:\/\/www.dentalxangtech.com\/pt\/wp-json\/wp\/v2\/types\/product"}],"wp:featuredmedia":[{"embeddable":true,"href":"https:\/\/www.dentalxangtech.com\/pt\/wp-json\/wp\/v2\/media\/4009"}],"wp:attachment":[{"href":"https:\/\/www.dentalxangtech.com\/pt\/wp-json\/wp\/v2\/media?parent=4008"}],"wp:term":[{"taxonomy":"product_brand","embeddable":true,"href":"https:\/\/www.dentalxangtech.com\/pt\/wp-json\/wp\/v2\/product_brand?post=4008"},{"taxonomy":"product_cat","embeddable":true,"href":"https:\/\/www.dentalxangtech.com\/pt\/wp-json\/wp\/v2\/product_cat?post=4008"},{"taxonomy":"product_tag","embeddable":true,"href":"https:\/\/www.dentalxangtech.com\/pt\/wp-json\/wp\/v2\/product_tag?post=4008"}],"curies":[{"name":"wp","href":"https:\/\/api.w.org\/{rel}","templated":true}]}}