{"id":4157,"date":"2025-08-28T15:34:41","date_gmt":"2025-08-28T07:34:41","guid":{"rendered":"http\/\/www.dentalxangtech.com\/?post_type=product&#038;p=4157"},"modified":"2025-08-28T15:34:41","modified_gmt":"2025-08-28T07:34:41","slug":"pf1200d-porcelain-furnace","status":"publish","type":"product","link":"https:\/\/www.dentalxangtech.com\/pt\/product\/pf1200d-porcelain-furnace\/","title":{"rendered":"PF1200D Porcelana Furnace"},"content":{"rendered":"<p>O forno de porcelana XANGTECH PF1200D \u00e9 vers\u00e1til. Modo bic\u00farbio, apresenta\u00e7\u00e3o completa do processo de cristaliza\u00e7\u00e3o. Os usu\u00e1rios tamb\u00e9m podem escolher uma curva \u00fanica ou duas curvas de acordo com suas pr\u00f3prias necessidades dent\u00e1rias. Em segundo lugar, a excelente fun\u00e7\u00e3o de regula\u00e7\u00e3o da auto-temperatura do nosso forno de porcelana dental pode controlar a flutua\u00e7\u00e3o da temperatura dentro de 1 %. Para a conveni\u00eancia de operar o forno de porcelana, o forno de porcelana XANGTECH tem uma fun\u00e7\u00e3o de calibra\u00e7\u00e3o de temperatura autom\u00e1tica, que pode calibrar a temperatura antes de cada uso. Esses controles de temperatura proporcionam um ambiente est\u00e1vel de v\u00e1cuo para o forno de cer\u00e2mica. Durante a opera\u00e7\u00e3o, o forno de porcelana mostrar\u00e1 sua fun\u00e7\u00e3o de an\u00fancio de voz para confirma\u00e7\u00e3o em tempo real do processo de opera\u00e7\u00e3o.<br \/>\nNosso forno de porcelana pode armazenar at\u00e9 50 programas, que s\u00e3o f\u00e1ceis de entender e perfeitamente correspondem a uma ampla gama de necessidades dent\u00e1rias. Al\u00e9m disso, n\u00e3o \u00e9 necess\u00e1rio treinamento dental complicado, o que reduz a dificuldade da opera\u00e7\u00e3o, economiza tempo de opera\u00e7\u00e3o e melhora a efici\u00eancia do trabalho. Na verdadeira tela de toque de cores que a equipamos, a interface de opera\u00e7\u00e3o \u00e9 muito simples e intuitiva. A coisa mais not\u00e1vel \u00e9 que este forno de porcelana \u00e9 de tamanho muito pequeno, o que permite coloc\u00e1-lo e us\u00e1-lo mesmo em pequenos lugares espaciais como laborat\u00f3rios dent\u00e1rios, est\u00fadios pequenos, cl\u00ednicas dent\u00e1rias, etc. Al\u00e9m disso, n\u00f3s o equipamos com uma bomba de v\u00e1cuo de pequeno tamanho que pode funcionar eficientemente com ele.<\/p>\n<div style=\"width: 800px;\" class=\"wp-video\"><video class=\"wp-video-shortcode\" id=\"video-4157-1\" width=\"800\" height=\"450\" preload=\"metadata\" controls=\"controls\"><source type=\"video\/mp4\" src=\"http:\/\/http\/\/www.dentalxangtech.com\/wp-content\/uploads\/2025\/08\/47.3MB.mp4?_=1\" \/><a href=\"http:\/\/http\/\/www.dentalxangtech.com\/wp-content\/uploads\/2025\/08\/47.3MB.mp4\">http:\/\/http\/\/www.dentalxangtech.com\/wp-content\/uploads\/2025\/08\/47.3MB.mp4<\/a><\/video><\/div>","protected":false},"excerpt":{"rendered":"<p>XANGTECH PF1200D porcelain furnace is versatile. Bicurve mode, complete presentation of the crystallization process. Users can also choose single curve or double curve mode according to their own dental needs. Secondly, the excellent auto-temperature regulation function of our dental porcelain furnace can control the temperature fluctuation within 1\u2103. For the convenience of operating the porcelain [&hellip;]<\/p>\n","protected":false},"featured_media":4165,"template":"","meta":{"_acf_changed":false},"product_brand":[],"product_cat":[66],"product_tag":[],"class_list":{"0":"post-4157","1":"product","2":"type-product","3":"status-publish","4":"has-post-thumbnail","6":"product_cat-glaze-paste","8":"first","9":"instock","10":"shipping-taxable","11":"product-type-simple"},"acf":[],"_links":{"self":[{"href":"https:\/\/www.dentalxangtech.com\/pt\/wp-json\/wp\/v2\/product\/4157","targetHints":{"allow":["GET"]}}],"collection":[{"href":"https:\/\/www.dentalxangtech.com\/pt\/wp-json\/wp\/v2\/product"}],"about":[{"href":"https:\/\/www.dentalxangtech.com\/pt\/wp-json\/wp\/v2\/types\/product"}],"wp:featuredmedia":[{"embeddable":true,"href":"https:\/\/www.dentalxangtech.com\/pt\/wp-json\/wp\/v2\/media\/4165"}],"wp:attachment":[{"href":"https:\/\/www.dentalxangtech.com\/pt\/wp-json\/wp\/v2\/media?parent=4157"}],"wp:term":[{"taxonomy":"product_brand","embeddable":true,"href":"https:\/\/www.dentalxangtech.com\/pt\/wp-json\/wp\/v2\/product_brand?post=4157"},{"taxonomy":"product_cat","embeddable":true,"href":"https:\/\/www.dentalxangtech.com\/pt\/wp-json\/wp\/v2\/product_cat?post=4157"},{"taxonomy":"product_tag","embeddable":true,"href":"https:\/\/www.dentalxangtech.com\/pt\/wp-json\/wp\/v2\/product_tag?post=4157"}],"curies":[{"name":"wp","href":"https:\/\/api.w.org\/{rel}","templated":true}]}}