{"id":4610,"date":"2026-01-16T16:09:16","date_gmt":"2026-01-16T08:09:16","guid":{"rendered":"https:\/\/www.dentalxangtech.com\/?post_type=product&#038;p=4610"},"modified":"2026-01-16T16:09:17","modified_gmt":"2026-01-16T08:09:17","slug":"xangtech-xt-60-dry%ef%bc%86wet-milling-machine","status":"publish","type":"product","link":"https:\/\/www.dentalxangtech.com\/pt\/product\/xangtech-xt-60-dry%ef%bc%86wet-milling-machine\/","title":{"rendered":"XANGTECH XT-60 Seco M\u00e1quina de Molhamento h\u00famido"},"content":{"rendered":"<p><span style=\"font-size: 14pt;\">XANGTECH XT-60 dental dry &amp; A m\u00e1quina de molhamento h\u00famido \u00e9 um instrumento dental digital de alto n\u00edvel, molhado e seco, projetado para o processo moderno de restaura\u00e7\u00e3o dental. Seu sistema inteligente de duas modalidades permite uma mudan\u00e7a r\u00e1pida e est\u00e1vel entre molhamento seco e h\u00famido na mesma plataforma, adaptando-se flexivelmente a diferentes materiais e requisitos de processamento. A m\u00e1quina pode processar eficientemente v\u00e1rios materiais restaurativos comumente utilizados como zirc\u00f4nia, cer\u00e2mica de vidro, PMMA e discos de tit\u00e2nio, e \u00e9 amplamente utilizada na fabrica\u00e7\u00e3o de v\u00e1rias restaura\u00e7\u00f5es, incluindo coronas, pontes, entradas e veneras, reduzindo efetivamente os custos de configura\u00e7\u00e3o do equipamento ao mesmo tempo que melhora a cobertura do processamento. Nossa m\u00e1quina de molhamento dental XT-60 apresenta uma espinha de alta pot\u00eancia de 2,5 kW, combinada com uma estrutura corporal de m\u00e1quina de alta rigidez e um sistema de controle de movimento de alta precis\u00e3o, mantendo desempenho de processamento est\u00e1vel e confi\u00e1vel mesmo sob corte de alta velocidade e opera\u00e7\u00e3o cont\u00ednua a longo prazo, renderizando precisamente estruturas complexas e bordas finas. Simultaneamente, est\u00e1 equipado com um sistema autom\u00e1tico de mudan\u00e7a de ferramentas com uma revista de 21 ferramentas, que pode automaticamente mudar entre m\u00faltiplas ferramentas de acordo com o fluxo de processamento, reduzindo significativamente a interven\u00e7\u00e3o manual, reduzindo os ciclos de processamento e melhorando significativamente a efici\u00eancia geral da produ\u00e7\u00e3o. Sua precis\u00e3o de repetibilidade \u00b13 \u03bcm satisfaz os requisitos rigorosos de restaura\u00e7\u00f5es de alto n\u00edvel para precis\u00e3o e coer\u00eancia, assegurando qualidade est\u00e1vel e control\u00e1vel do produto acabado. Com seu design integrado de m\u00e1quinas h\u00famidas e secas, configura\u00e7\u00e3o altamente automatizada, e precis\u00e3o e estabilidade excepcionais, a m\u00e1quina XT-60 do Laborat\u00f3rio Dental XANGTECH fornece laborat\u00f3rios dentais e cl\u00ednicas com uma solu\u00e7\u00e3o de m\u00e1quina digital eficiente, flex\u00edvel e confi\u00e1vel.<\/span><\/p>\n<div style=\"width: 800px;\" class=\"wp-video\"><video class=\"wp-video-shortcode\" id=\"video-4610-1\" width=\"800\" height=\"450\" preload=\"metadata\" controls=\"controls\"><source type=\"video\/mp4\" src=\"https:\/\/www.dentalxangtech.com\/wp-content\/uploads\/2026\/01\/xt-60-milling-machine.mp4?_=1\" \/><a href=\"https:\/\/www.dentalxangtech.com\/wp-content\/uploads\/2026\/01\/xt-60-milling-machine.mp4\">https:\/\/www.dentalxangtech.com\/wp-content\/uploads\/2026\/01\/xt-60-milling-machine.mp4<\/a><\/video><\/div>","protected":false},"excerpt":{"rendered":"<p>XANGTECH XT-60 dental dry &amp; wet milling machine is a high-end digital wet and dry integrated dental instrument designed for modern dental restoration processing. Its intelligent dual-mode system enables rapid and stable switching between dry and wet milling on the same platform, flexibly adapting to different materials and processing requirements. The machine can efficiently process [&hellip;]<\/p>\n","protected":false},"featured_media":4612,"template":"","meta":{"_acf_changed":false},"product_brand":[],"product_cat":[76],"product_tag":[],"class_list":{"0":"post-4610","1":"product","2":"type-product","3":"status-publish","4":"has-post-thumbnail","6":"product_cat-dental-milling-machine","8":"first","9":"instock","10":"shipping-taxable","11":"product-type-simple"},"acf":[],"_links":{"self":[{"href":"https:\/\/www.dentalxangtech.com\/pt\/wp-json\/wp\/v2\/product\/4610","targetHints":{"allow":["GET"]}}],"collection":[{"href":"https:\/\/www.dentalxangtech.com\/pt\/wp-json\/wp\/v2\/product"}],"about":[{"href":"https:\/\/www.dentalxangtech.com\/pt\/wp-json\/wp\/v2\/types\/product"}],"wp:featuredmedia":[{"embeddable":true,"href":"https:\/\/www.dentalxangtech.com\/pt\/wp-json\/wp\/v2\/media\/4612"}],"wp:attachment":[{"href":"https:\/\/www.dentalxangtech.com\/pt\/wp-json\/wp\/v2\/media?parent=4610"}],"wp:term":[{"taxonomy":"product_brand","embeddable":true,"href":"https:\/\/www.dentalxangtech.com\/pt\/wp-json\/wp\/v2\/product_brand?post=4610"},{"taxonomy":"product_cat","embeddable":true,"href":"https:\/\/www.dentalxangtech.com\/pt\/wp-json\/wp\/v2\/product_cat?post=4610"},{"taxonomy":"product_tag","embeddable":true,"href":"https:\/\/www.dentalxangtech.com\/pt\/wp-json\/wp\/v2\/product_tag?post=4610"}],"curies":[{"name":"wp","href":"https:\/\/api.w.org\/{rel}","templated":true}]}}